{"id":495,"date":"2020-08-12T20:24:24","date_gmt":"2020-08-12T17:24:24","guid":{"rendered":"https:\/\/erenji.ru\/?page_id=495"},"modified":"2020-08-18T13:26:37","modified_gmt":"2020-08-18T10:26:37","slug":"%d1%81%d0%b8%d0%bd%d0%b8%d0%b5-%d1%81%d1%83%d0%bd%d0%b4%d1%83%d0%ba%d0%b8","status":"publish","type":"page","link":"https:\/\/erenji.ru\/?page_id=495","title":{"rendered":"\u0421\u0438\u043d\u0438\u0435 \u0441\u0443\u043d\u0434\u0443\u043a\u0438"},"content":{"rendered":"\n<p>\u041a\u043e\u0433\u0434\u0430-\u0442\u043e 1 \u0441\u0438\u043d\u0438\u0439 \u0441\u0443\u043d\u0434\u0443\u043a \u043d\u0430\u0445\u043e\u0434\u0438\u043b\u0441\u044f \u043d\u0430 \u0441\u0442\u0440\u0430\u043d\u0438\u0446\u0435 \u0441 \u043f\u0440\u0438\u043a\u043b\u044e\u0447\u0435\u043d\u0438\u044f\u043c\u0438, \u0430 \u0442\u0435\u043f\u0435\u0440\u044c \u043e\u043d \u0442\u0430\u043c, \u0432 \u043c\u0430\u0433\u0430\u0437\u0438\u043d\u0435, \u0438 \u0435\u0441\u043b\u0438 \u0431\u044b \u043d\u0435 \u043d\u0430\u043f\u043e\u043c\u0438\u043d\u0430\u043d\u0438\u0435 &#171;\u0431\u0435\u0441\u043f\u043b\u0430\u0442\u043d\u043e&#187; , \u0442\u043e \u0432\u0440\u044f\u0434\u043b\u0438 \u0431\u044b \u043f\u0440\u043e \u043d\u0438\u0445 \u0432\u0441\u043f\u043e\u043c\u0438\u043d\u0430\u043b\u0438 \u0431\u044b\u2026<\/p>\n\n\n\n<p>\ud83d\ude44\u042d\u0442\u0438 \u0441\u0443\u043d\u0434\u0443\u043a\u0438 \u0434\u0430\u044e\u0442 \u043e\u0447\u0435\u043d\u044c \u043c\u0430\u043b\u043e \u0434\u0435\u043d\u0435\u0433, \u0447\u0430\u0449\u0435 \u0432\u0441\u0435\u0433\u043e 1250<\/p>\n\n\n\n<p>\u0414\u0430, \u0431\u044b\u0432\u0430\u0435\u0442, \u0447\u0442\u043e \u0438 1375, \u0438 1500, \u0438 \u0434\u0430\u0436\u0435 2250 \u0443 \u043c\u0435\u043d\u044f \u0432\u044b\u043f\u0430\u0434\u0430\u043b\u043e, \u043d\u043e \u0440\u0435\u0434\u043a\u043e.<\/p>\n\n\n\n<p>\u041a\u043e\u043b\u0438\u0447\u0435\u0441\u0442\u0432\u043e \u0441\u0435\u0440\u044b\u0445 \u0434\u0435\u0442\u0430\u043b\u0435\u0439 \u043a\u043e\u043b\u0435\u0431\u043b\u0435\u0442\u0441\u044f \u043e\u0442 18 \u0434\u043e 27, \u0430 \u0437\u043e\u043b\u043e\u0442\u044b\u0445 \u043b\u0438\u0448\u044c 2\u2026<\/p>\n\n\n\n<p>\ud83e\udd23\u041d\u0443, \u043d\u0438 \u043e \u0447\u0451\u043c, \u0432\u0435\u0440\u043d\u043e? \u0418 \u0441\u0442\u043e\u0438\u0442 \u043b\u0438 \u043e \u043d\u0438\u0445 \u043f\u043e\u043c\u043d\u0438\u0442\u044c\u2026<\/p>\n\n\n\n<p>\u041e\u0434\u043d\u0430\u043a\u043e, \u0435\u0441\u0442\u044c \u043c\u0430\u0442\u0435\u043c\u0430\u0442\u0438\u043a\u0430, \u0438 \u0432 \u044d\u0442\u043e\u0442 \u043c\u043e\u043c\u0435\u043d\u0442 \u0432\u0441\u044f \u043a\u0430\u0440\u0442\u0438\u043d\u0430 \u0438\u0437\u043c\u0435\u043d\u0438\u0442\u0441\u044f.<\/p>\n\n\n\n<p>\ud83d\ude98\ud83d\ude98\ud83d\ude98\ud83d\ude98\ud83d\ude98\ud83d\ude98\ud83d\ude98\ud83d\ude98\ud83d\ude98\ud83d\ude98\ud83d\ude98\ud83d\ude98<\/p>\n\n\n\n<p>\u0415\u0441\u043b\u0438 \u0432\u044b \u0432\u0441\u0442\u0430\u0435\u0442\u0435 \u0432 6 \u0443\u0442\u0440\u0430, \u0438 \u043b\u043e\u0436\u0438\u0442\u0435\u0441\u044c \u0441\u043f\u0430\u0442\u044c \u0432 12 \u043d\u043e\u0447\u0438, \u0442\u043e \u0437\u0430 \u044d\u0442\u043e\u0442 \u043f\u0435\u0440\u0438\u043e\u0434 \u0432\u0440\u0435\u043c\u0435\u043d\u0438 \u0435\u0441\u0442\u044c \u0448\u0430\u043d\u0441 \u0437\u0430\u0431\u0440\u0430\u0442\u044c \u0432\u0441\u0435 3 \u0441\u0443\u043d\u0434\u0443\u043a\u0430 \u043f\u043e 8 \u0447\u0430\u0441\u043e\u0432<br>\u0418 4 \u0441\u0443\u043d\u0434\u0443\u043a\u0430 \u043f\u043e 6 \u0447\u0430\u0441\u043e\u0432<\/p>\n\n\n\n<p>\ud83d\udcb0\u0412\u043e\u0437\u044c\u043c\u0435\u043c \u0441\u0440\u0435\u0434\u043d\u0435\u0435 \u0447\u0438\u0441\u043b\u043e \u043f\u043e \u043c\u043e\u043d\u0435\u0442\u043a\u0430\u043c &#8212; 1250<br>1250\u00d73=3750<br>1250\u00d74=5000<\/p>\n\n\n\n<p>\u0421\u0443\u043c\u043c\u0430 8750, \u0443\u0436\u0435 \u0432\u044b\u0433\u043b\u044f\u0434\u0438\u0442 \u0431\u043e\u043b\u0435\u0435 \u043f\u0440\u0435\u0437\u0435\u043d\u0442\u0430\u0431\u0435\u043b\u044c\u043d\u043e, \u0435\u0441\u043b\u0438 \u0443\u043c\u043d\u043e\u0436\u0438\u0442\u044c \u043d\u0430 30 \u0434\u043d\u0435\u0439, \u0442\u043e 262 500<\/p>\n\n\n\n<p>\ud83d\udcb8\u0410 \u044d\u0442\u043e \u043d\u0430 \u0445\u0430\u043b\u044f\u0432\u0443 \u043f\u0435\u0440\u0435\u0445\u043e\u0434 \u0443 \u0440\u0430\u043b\u043b\u0438\u0439\u043d\u043e\u0439, \u0433\u0440\u0443\u0437\u043e\u0432\u0438\u043a\u0430, \u043b\u0438\u0445\u0430\u0447\u0430, \u0441\u0443\u043f\u0435\u0440 \u043a\u0430\u0440\/\u0431\u0430\u0439\u043a \u0441 19\u043e\u0433\u043e \u043d\u0430 20 (\u043c\u0430\u043a\u0441\u0438\u043c\u0430\u043b\u044c\u043d\u044b\u0439) \u043b\u0435\u0432\u0435\u043b\u2026<br>\u0442\u0430\u043c \u043d\u0430\u0434\u043e 230 \u0442\u044b\u0441\u044f\u0447, \u0438 \u043f\u043e\u0440\u043e\u0439 \u0438\u0445 \u0441\u043e\u0431\u0440\u0430\u0442\u044c \u043e\u0447\u0435\u043d\u044c \u0441\u043b\u043e\u0436\u043d\u043e\u2026<\/p>\n\n\n\n<p>\ud83d\udee0\u0410 \u0442\u0435\u043f\u0435\u0440\u044c \u0434\u0435\u0442\u0430\u043b\u0438: \u0437\u043e\u043b\u043e\u0442\u044b\u0435 &#8212; 2, \u043d\u0430 \u0441\u0435\u0440\u044b\u0435 \u0432\u043e\u0437\u044c\u043c\u0435\u043c \u0441\u0440\u0435\u0434\u043d\u0435\u0435 &#8212; 23,<\/p>\n\n\n\n<p>3\u00d72=6, 4\u00d72=8, 8+2=14, 14\u00d730=420-\u0437\u043e\u043b\u043e\u0442\u044b\u0445 \u0432 \u043c\u0435\u0441\u044f\u0446<br>3\u00d723=69, 4\u00d723=92 92+69=161, 161\u00d730=4830-\u0441\u0435\u0440\u044b\u0445 \u043c\u0435\u0441\u044f\u0446<\/p>\n\n\n\n<p><\/p>\n\n\n\n<p><\/p>\n\n\n\n<p><\/p>\n\n\n\n<p> \ud83d\udd0a<em><span style=\"text-decoration: underline;\"><span class=\"has-inline-color has-vivid-cyan-blue-color\"><strong>\u0418\u0442\u043e\u0433<\/strong>:<\/span><\/span><\/em><br>\u0421\u0438\u043d\u0438\u0435 \u0441\u0443\u043d\u0434\u0443\u043a\u0438 \u0437\u0430 \u043c\u0435\u0441\u044f\u0446 \u0434\u0430\u044e\u0442<br>\u041c\u0438\u043d\u0438\u043c\u0443\u043c  \ud83d\udd39\ufe0f 260 000 \u043c\u043e\u043d\u0435\u0442<br>                      \ud83d\udd39\ufe0f 4 800 \u0441\u0435\u0440\u044b\u0445 \u0434\u0435\u0442\u0430\u043b\u0435\u0439<br>                      \ud83d\udd39\ufe0f 420 \u0437\u043e\u043b\u043e\u0442\u044b\u0445 \u0434\u0435\u0442\u0430\u043b\u0435\u0439<\/p>\n\n\n\n<p>\u0422.\u0435. \u0434\u0430\u0436\u0435 \u0435\u0441\u043b\u0438 \u0432\u0430\u043c \u043d\u0435\u043a\u043e\u0433\u0434\u0430 \u0438\u0433\u0440\u0430\u0442\u044c, \u043f\u0440\u043e\u0441\u0442\u043e \u0437\u0430\u0445\u043e\u0434\u0438\u0442\u0435 \u0432 \u0438\u0433\u0440\u0443, \u0437\u0430\u0431\u0438\u0440\u0430\u0439\u0442\u0435 \u0441\u0438\u043d\u0438\u0435 \u0441\u0443\u043d\u0434\u0443\u043a\u0438 \u0438 \u043f\u0443\u0441\u0442\u044c \u043a\u043e\u043f\u044f\u0442\u0441\u044f \u0434\u0435\u0442\u0430\u043b\u0438 \u0438 \u043c\u043e\u043d\u0435\u0442\u043a\u0438.<\/p>\n","protected":false},"excerpt":{"rendered":"<p>\u041a\u043e\u0433\u0434\u0430-\u0442\u043e 1 \u0441\u0438\u043d\u0438\u0439 \u0441\u0443\u043d\u0434\u0443\u043a \u043d\u0430\u0445\u043e\u0434\u0438\u043b\u0441\u044f \u043d\u0430 \u0441\u0442\u0440\u0430\u043d\u0438\u0446\u0435 \u0441 \u043f\u0440\u0438\u043a\u043b\u044e\u0447\u0435\u043d\u0438\u044f\u043c\u0438, \u0430 \u0442\u0435\u043f\u0435\u0440\u044c \u043e\u043d \u0442\u0430\u043c, \u0432 \u043c\u0430\u0433\u0430\u0437\u0438\u043d\u0435, \u0438 \u0435\u0441\u043b\u0438 \u0431\u044b \u043d\u0435 \u043d\u0430\u043f\u043e\u043c\u0438\u043d\u0430\u043d\u0438\u0435&hellip;<\/p>\n","protected":false},"author":2,"featured_media":496,"parent":0,"menu_order":0,"comment_status":"closed","ping_status":"closed","template":"","meta":{"spay_email":""},"_links":{"self":[{"href":"https:\/\/erenji.ru\/index.php?rest_route=\/wp\/v2\/pages\/495"}],"collection":[{"href":"https:\/\/erenji.ru\/index.php?rest_route=\/wp\/v2\/pages"}],"about":[{"href":"https:\/\/erenji.ru\/index.php?rest_route=\/wp\/v2\/types\/page"}],"author":[{"embeddable":true,"href":"https:\/\/erenji.ru\/index.php?rest_route=\/wp\/v2\/users\/2"}],"replies":[{"embeddable":true,"href":"https:\/\/erenji.ru\/index.php?rest_route=%2Fwp%2Fv2%2Fcomments&post=495"}],"version-history":[{"count":7,"href":"https:\/\/erenji.ru\/index.php?rest_route=\/wp\/v2\/pages\/495\/revisions"}],"predecessor-version":[{"id":522,"href":"https:\/\/erenji.ru\/index.php?rest_route=\/wp\/v2\/pages\/495\/revisions\/522"}],"wp:featuredmedia":[{"embeddable":true,"href":"https:\/\/erenji.ru\/index.php?rest_route=\/wp\/v2\/media\/496"}],"wp:attachment":[{"href":"https:\/\/erenji.ru\/index.php?rest_route=%2Fwp%2Fv2%2Fmedia&parent=495"}],"curies":[{"name":"wp","href":"https:\/\/api.w.org\/{rel}","templated":true}]}}